{"id":3950,"date":"2024-02-15T18:44:24","date_gmt":"2024-02-15T17:44:24","guid":{"rendered":"https:\/\/edunaturia.com\/contacte\/"},"modified":"2025-06-05T12:22:26","modified_gmt":"2025-06-05T11:22:26","slug":"contacto","status":"publish","type":"page","link":"https:\/\/edunaturia.com\/es\/contacto\/","title":{"rendered":"Solicita una demo personalizada"},"content":{"rendered":"<p><div class=\"fusion-fullwidth fullwidth-box fusion-builder-row-1 fusion-flex-container has-pattern-background has-mask-background nonhundred-percent-fullwidth non-hundred-percent-height-scrolling\" style=\"--awb-background-position:left center;--awb-border-radius-top-left:0px;--awb-border-radius-top-right:0px;--awb-border-radius-bottom-right:0px;--awb-border-radius-bottom-left:0px;--awb-padding-top:0px;--awb-padding-bottom:80px;--awb-padding-top-small:100px;--awb-background-size:;--awb-flex-wrap:wrap;\" ><div class=\"fusion-builder-row fusion-row fusion-flex-align-items-center fusion-flex-content-wrap\" style=\"max-width:calc( 1200px + 120px );margin-left: calc(-120px \/ 2 );margin-right: calc(-120px \/ 2 );\"><div class=\"fusion-layout-column fusion_builder_column fusion-builder-column-0 fusion_builder_column_1_2 1_2 fusion-flex-column fusion-flex-align-self-center\" style=\"--awb-padding-top-small:60px;--awb-bg-size:cover;--awb-width-large:50%;--awb-margin-top-large:0px;--awb-spacing-right-large:60px;--awb-margin-bottom-large:0px;--awb-spacing-left-large:60px;--awb-width-medium:50%;--awb-order-medium:0;--awb-spacing-right-medium:60px;--awb-spacing-left-medium:60px;--awb-width-small:100%;--awb-order-small:2;--awb-spacing-right-small:60px;--awb-spacing-left-small:60px;\"><div class=\"fusion-column-wrapper fusion-column-has-shadow fusion-flex-justify-content-flex-start fusion-content-layout-column\"><div class=\"fusion-builder-row fusion-builder-row-inner fusion-row fusion-flex-align-items-center fusion-flex-content-wrap\" style=\"width:calc( 100% + 120px ) !important;max-width:calc( 100% + 120px ) !important;margin-left: calc(-120px \/ 2 );margin-right: calc(-120px \/ 2 );\"><div class=\"fusion-layout-column fusion_builder_column_inner fusion-builder-nested-column-0 fusion_builder_column_inner_1_1 1_1 fusion-flex-column\" style=\"--awb-bg-size:cover;--awb-width-large:100%;--awb-margin-top-large:0px;--awb-spacing-right-large:60px;--awb-margin-bottom-large:0px;--awb-spacing-left-large:60px;--awb-width-medium:100%;--awb-order-medium:0;--awb-spacing-right-medium:60px;--awb-spacing-left-medium:60px;--awb-width-small:100%;--awb-order-small:0;--awb-spacing-right-small:60px;--awb-spacing-left-small:60px;\"><div class=\"fusion-column-wrapper fusion-column-has-shadow fusion-flex-justify-content-flex-start fusion-content-layout-row\"><div class=\"fusion-image-element \" style=\"--awb-margin-top:8px;--awb-margin-right:24px;--awb-margin-bottom:24px;--awb-margin-bottom-small:16px;--awb-max-width:50px;--awb-caption-title-font-family:var(--h2_typography-font-family);--awb-caption-title-font-weight:var(--h2_typography-font-weight);--awb-caption-title-font-style:var(--h2_typography-font-style);--awb-caption-title-size:var(--h2_typography-font-size);--awb-caption-title-transform:var(--h2_typography-text-transform);--awb-caption-title-line-height:var(--h2_typography-line-height);--awb-caption-title-letter-spacing:var(--h2_typography-letter-spacing);\"><span class=\" fusion-imageframe imageframe-none imageframe-1 hover-type-none\" style=\"border-radius:8px;\"><img decoding=\"async\" width=\"592\" height=\"580\" title=\"ocellet-sense-fons\" src=\"https:\/\/edunaturia.com\/wp-content\/uploads\/2025\/05\/ocellet-sense-fons.png\" data-orig-src=\"https:\/\/edunaturia.com\/wp-content\/uploads\/2025\/05\/ocellet-sense-fons.png\" alt class=\"lazyload img-responsive wp-image-3943\" srcset=\"data:image\/svg+xml,%3Csvg%20xmlns%3D%27http%3A%2F%2Fwww.w3.org%2F2000%2Fsvg%27%20width%3D%27592%27%20height%3D%27580%27%20viewBox%3D%270%200%20592%20580%27%3E%3Crect%20width%3D%27592%27%20height%3D%27580%27%20fill-opacity%3D%220%22%2F%3E%3C%2Fsvg%3E\" data-srcset=\"https:\/\/edunaturia.com\/wp-content\/uploads\/2025\/05\/ocellet-sense-fons-200x196.png 200w, https:\/\/edunaturia.com\/wp-content\/uploads\/2025\/05\/ocellet-sense-fons-400x392.png 400w, https:\/\/edunaturia.com\/wp-content\/uploads\/2025\/05\/ocellet-sense-fons.png 592w\" data-sizes=\"auto\" data-orig-sizes=\"(max-width: 800px) 100vw, 592px\" \/><\/span><\/div><div class=\"fusion-title title fusion-title-1 fusion-sep-none fusion-title-text fusion-title-size-three\" style=\"--awb-margin-top:0px;--awb-margin-bottom:24px;--awb-margin-bottom-small:24px;\"><h3 class=\"fusion-title-heading title-heading-left\" style=\"margin:0;\">\u00bfHablamos? Te preparamos una demo personalizada.<\/h3><\/div><\/div><\/div><\/div><div class=\"fusion-text fusion-text-1 fusion-text-no-margin\" style=\"--awb-font-size:19px;--awb-margin-top:8px;--awb-margin-bottom:48px;\"><p>En EdunaturIA combinamos tecnolog\u00eda y pasi\u00f3n por el medio natural para ofrecer soluciones innovadoras que conecten a las personas con la naturaleza a trav\u00e9s de la educaci\u00f3n. Desarrollamos herramientas basadas en inteligencia artificial pensadas espec\u00edficamente para profesionales de la educaci\u00f3n ambiental y el turismo de naturaleza.<\/p>\n<p>Sabemos que cada proyecto es \u00fanico, igual que cada entorno natural y cada forma de aprender. Por eso trabajamos contigo para entender tu caso, tus objetivos y tu p\u00fablico, y as\u00ed ofrecerte una propuesta a medida. Tanto si eres gu\u00eda aut\u00f3nomo, docente, empresa o administraci\u00f3n p\u00fablica, encontraremos la manera de hacer crecer el impacto educativo de tu proyecto.<\/p>\n<\/div><div ><a class=\"fusion-button button-flat fusion-button-default-size button-custom fusion-button-default button-1 fusion-button-default-span fusion-button-default-type fusion-has-button-gradient\" style=\"--button_accent_color:var(--awb-color4);--button_border_color:var(--awb-color4);--button_accent_hover_color:var(--awb-color1);--button_border_hover_color:var(--awb-color1);--button_gradient_top_color:rgba(145,145,145,0);--button_gradient_bottom_color:rgba(153,153,153,0);--button_gradient_top_color_hover:var(--awb-color4);--button_gradient_bottom_color_hover:var(--awb-color4);--button_font_size:30px;\" target=\"_self\" data-hover=\"bg_slide_right\" href=\"tel:+34663392007\"><i class=\"awb-vegan-storephone awb-button__icon awb-button__icon--default button-icon-left\" aria-hidden=\"true\"><\/i><span class=\"fusion-button-text awb-button__text awb-button__text--default\">663 392 007<\/span><\/a><\/div><div ><a class=\"fusion-button button-flat fusion-button-default-size button-custom fusion-button-default button-2 fusion-button-default-span fusion-button-default-type\" style=\"--button_accent_color:var(--awb-color4);--button_border_color:var(--awb-color4);--button_accent_hover_color:var(--awb-color1);--button_border_hover_color:var(--awb-color1);--button_gradient_top_color:rgba(196,196,196,0);--button_gradient_bottom_color:rgba(196,196,196,0);--button_gradient_top_color_hover:var(--awb-color4);--button_gradient_bottom_color_hover:var(--awb-color4);--button_font_size:30px;\" target=\"_self\" data-hover=\"bg_slide_right\" href=\"mailto: edunaturia@edunaturia.com\"><i class=\"awb-vegan-storearrow awb-button__icon awb-button__icon--default button-icon-left\" aria-hidden=\"true\"><\/i><span class=\"fusion-button-text awb-button__text awb-button__text--default\"> edunaturia@edunaturia.com<\/span><\/a><\/div><\/div><\/div><div class=\"fusion-layout-column fusion_builder_column fusion-builder-column-1 fusion_builder_column_1_2 1_2 fusion-flex-column fusion-animated\" style=\"--awb-bg-size:cover;--awb-width-large:50%;--awb-margin-top-large:0px;--awb-spacing-right-large:60px;--awb-margin-bottom-large:0px;--awb-spacing-left-large:60px;--awb-width-medium:50%;--awb-order-medium:0;--awb-spacing-right-medium:60px;--awb-spacing-left-medium:60px;--awb-width-small:100%;--awb-order-small:1;--awb-spacing-right-small:60px;--awb-spacing-left-small:60px;\" data-animationType=\"fadeInUp\" data-animationDuration=\"1.0\" data-animationOffset=\"top-into-view\"><div class=\"fusion-column-wrapper fusion-column-has-shadow fusion-flex-justify-content-flex-start fusion-content-layout-column\"><div class=\"fusion-image-element sm-text-align-center\" style=\"text-align:right;--awb-aspect-ratio: 100 \/ 105;--awb-object-position:42% 39%;--awb-mask-url: url(https:\/\/edunaturia.com\/wp-content\/plugins\/fusion-builder\/\/assets\/images\/masks\/mask-18.svg);--awb-mask-size: cover;--awb-mask-position: top center;--awb-caption-title-font-family:var(--h2_typography-font-family);--awb-caption-title-font-weight:var(--h2_typography-font-weight);--awb-caption-title-font-style:var(--h2_typography-font-style);--awb-caption-title-size:var(--h2_typography-font-size);--awb-caption-title-transform:var(--h2_typography-text-transform);--awb-caption-title-line-height:var(--h2_typography-line-height);--awb-caption-title-letter-spacing:var(--h2_typography-letter-spacing);\"><span class=\" fusion-imageframe imageframe-none imageframe-2 hover-type-none has-mask has-aspect-ratio\"><img decoding=\"async\" width=\"1920\" height=\"1280\" alt=\"Imatge d&#039;una persona pilotant un dron. \" title=\"contacte-demo-personalitzada\" src=\"https:\/\/edunaturia.com\/wp-content\/uploads\/2025\/05\/contacte-demo-personalitzada.png\" data-orig-src=\"https:\/\/edunaturia.com\/wp-content\/uploads\/2025\/05\/contacte-demo-personalitzada.png\" class=\"lazyload img-responsive wp-image-3947 img-with-aspect-ratio\" data-parent-fit=\"cover\" data-parent-container=\".fusion-image-element\" srcset=\"data:image\/svg+xml,%3Csvg%20xmlns%3D%27http%3A%2F%2Fwww.w3.org%2F2000%2Fsvg%27%20width%3D%271920%27%20height%3D%271280%27%20viewBox%3D%270%200%201920%201280%27%3E%3Crect%20width%3D%271920%27%20height%3D%271280%27%20fill-opacity%3D%220%22%2F%3E%3C%2Fsvg%3E\" data-srcset=\"https:\/\/edunaturia.com\/wp-content\/uploads\/2025\/05\/contacte-demo-personalitzada-200x133.png 200w, https:\/\/edunaturia.com\/wp-content\/uploads\/2025\/05\/contacte-demo-personalitzada-400x267.png 400w, https:\/\/edunaturia.com\/wp-content\/uploads\/2025\/05\/contacte-demo-personalitzada-600x400.png 600w, https:\/\/edunaturia.com\/wp-content\/uploads\/2025\/05\/contacte-demo-personalitzada-800x533.png 800w, https:\/\/edunaturia.com\/wp-content\/uploads\/2025\/05\/contacte-demo-personalitzada-1200x800.png 1200w, https:\/\/edunaturia.com\/wp-content\/uploads\/2025\/05\/contacte-demo-personalitzada.png 1920w\" data-sizes=\"auto\" data-orig-sizes=\"(max-width: 800px) 100vw, 600px\" \/><\/span><\/div><\/div><\/div><\/div><\/div><div class=\"fusion-fullwidth fullwidth-box fusion-builder-row-2 fusion-flex-container has-pattern-background has-mask-background fusion-parallax-none nonhundred-percent-fullwidth non-hundred-percent-height-scrolling lazyload\" style=\"--awb-background-blend-mode:multiply;--awb-border-radius-top-left:0px;--awb-border-radius-top-right:0px;--awb-border-radius-bottom-right:0px;--awb-border-radius-bottom-left:0px;--awb-padding-top:80px;--awb-padding-bottom:74px;--awb-background-image:linear-gradient(180deg, rgba(20,20,20,0.7) 0%,rgba(20,20,20,0.18) 100%);;--awb-background-size:cover;--awb-flex-wrap:wrap;\" data-bg=\"https:\/\/edunaturia.com\/wp-content\/uploads\/2025\/05\/fons-natural-edunaturia.png\" data-bg-gradient=\"linear-gradient(180deg, rgba(20,20,20,0.7) 0%,rgba(20,20,20,0.18) 100%)\" ><div class=\"fusion-builder-row fusion-row fusion-flex-align-items-flex-start fusion-flex-content-wrap\" style=\"max-width:1248px;margin-left: calc(-4% \/ 2 );margin-right: calc(-4% \/ 2 );\"><div class=\"fusion-layout-column fusion_builder_column fusion-builder-column-2 fusion_builder_column_1_1 1_1 fusion-flex-column\" style=\"--awb-bg-size:cover;--awb-width-large:100%;--awb-margin-top-large:0px;--awb-spacing-right-large:1.92%;--awb-margin-bottom-large:0px;--awb-spacing-left-large:1.92%;--awb-width-medium:100%;--awb-order-medium:0;--awb-spacing-right-medium:1.92%;--awb-spacing-left-medium:1.92%;--awb-width-small:100%;--awb-order-small:0;--awb-spacing-right-small:1.92%;--awb-spacing-left-small:1.92%;\"><div class=\"fusion-column-wrapper fusion-column-has-shadow fusion-flex-justify-content-flex-start fusion-content-layout-column\"><div class=\"fusion-title title fusion-title-2 fusion-sep-none fusion-title-center fusion-title-text fusion-title-size-three\" style=\"--awb-text-color:var(--awb-color1);--awb-margin-bottom:40px;\"><h3 class=\"fusion-title-heading title-heading-center\" style=\"margin:0;\">Env\u00edanos un mensaje<\/h3><\/div><div class=\"fusion-builder-row fusion-builder-row-inner fusion-row fusion-flex-align-items-flex-start fusion-flex-content-wrap\" style=\"width:104% !important;max-width:104% !important;margin-left: calc(-4% \/ 2 );margin-right: calc(-4% \/ 2 );\"><div class=\"fusion-layout-column fusion_builder_column_inner fusion-builder-nested-column-1 fusion_builder_column_inner_1_6 1_6 fusion-flex-column\" style=\"--awb-bg-size:cover;--awb-width-large:16.666666666667%;--awb-margin-top-large:0px;--awb-spacing-right-large:11.52%;--awb-margin-bottom-large:0px;--awb-spacing-left-large:11.52%;--awb-width-medium:16.666666666667%;--awb-order-medium:0;--awb-spacing-right-medium:11.52%;--awb-spacing-left-medium:11.52%;--awb-width-small:100%;--awb-order-small:0;--awb-spacing-right-small:1.92%;--awb-spacing-left-small:1.92%;\"><div class=\"fusion-column-wrapper fusion-column-has-shadow fusion-flex-justify-content-flex-start fusion-content-layout-column\"><\/div><\/div><div class=\"fusion-layout-column fusion_builder_column_inner fusion-builder-nested-column-2 fusion_builder_column_inner_2_3 2_3 fusion-flex-column\" style=\"--awb-bg-size:cover;--awb-width-large:66.666666666667%;--awb-margin-top-large:0px;--awb-spacing-right-large:2.88%;--awb-margin-bottom-large:0px;--awb-spacing-left-large:2.88%;--awb-width-medium:66.666666666667%;--awb-order-medium:0;--awb-spacing-right-medium:2.88%;--awb-spacing-left-medium:2.88%;--awb-width-small:100%;--awb-order-small:0;--awb-spacing-right-small:1.92%;--awb-spacing-left-small:1.92%;\"><div class=\"fusion-column-wrapper fusion-column-has-shadow fusion-flex-justify-content-flex-start fusion-content-layout-column\"><div class=\"fusion-text fusion-text-2\" style=\"--awb-content-alignment:center;--awb-text-color:var(--awb-color1);\"><p>Rellena el formulario y te enviaremos una propuesta o te ofreceremos una <strong>demo gratuita y personalizada<\/strong> para mostrarte c\u00f3mo puede ayudarte la IA aplicada a tu contexto.<\/p>\n<\/div><\/div><\/div><div class=\"fusion-layout-column fusion_builder_column_inner fusion-builder-nested-column-3 fusion_builder_column_inner_1_6 1_6 fusion-flex-column\" style=\"--awb-bg-size:cover;--awb-width-large:16.666666666667%;--awb-margin-top-large:0px;--awb-spacing-right-large:11.52%;--awb-margin-bottom-large:0px;--awb-spacing-left-large:11.52%;--awb-width-medium:16.666666666667%;--awb-order-medium:0;--awb-spacing-right-medium:11.52%;--awb-spacing-left-medium:11.52%;--awb-width-small:100%;--awb-order-small:0;--awb-spacing-right-small:1.92%;--awb-spacing-left-small:1.92%;\"><div class=\"fusion-column-wrapper fusion-column-has-shadow fusion-flex-justify-content-flex-start fusion-content-layout-column\"><\/div><\/div><\/div>\n<div class=\"wpcf7 no-js\" id=\"wpcf7-f3962-o1\" lang=\"ca\" dir=\"ltr\" data-wpcf7-id=\"3962\">\n<div class=\"screen-reader-response\"><p role=\"status\" aria-live=\"polite\" aria-atomic=\"true\"><\/p> <ul><\/ul><\/div>\n<form action=\"\/es\/wp-json\/wp\/v2\/pages\/3950#wpcf7-f3962-o1\" method=\"post\" class=\"wpcf7-form init\" aria-label=\"Formulari de contacte\" novalidate=\"novalidate\" data-status=\"init\">\n<div style=\"display: none;\">\n<input type=\"hidden\" name=\"_wpcf7\" value=\"3962\" \/>\n<input type=\"hidden\" name=\"_wpcf7_version\" value=\"6.0.6\" \/>\n<input type=\"hidden\" name=\"_wpcf7_locale\" value=\"ca\" \/>\n<input type=\"hidden\" name=\"_wpcf7_unit_tag\" value=\"wpcf7-f3962-o1\" \/>\n<input type=\"hidden\" name=\"_wpcf7_container_post\" value=\"0\" \/>\n<input type=\"hidden\" name=\"_wpcf7_posted_data_hash\" value=\"\" \/>\n<\/div>\n<div style=\"color: #ffffff;\">\n\t<p><label> Nombre y apellidos<br \/>\n<span class=\"wpcf7-form-control-wrap\" data-name=\"your-name\"><input size=\"40\" maxlength=\"400\" class=\"wpcf7-form-control wpcf7-text wpcf7-validates-as-required\" autocomplete=\"name\" aria-required=\"true\" aria-invalid=\"false\" value=\"\" type=\"text\" name=\"your-name\" \/><\/span> <\/label>\n\t<\/p>\n\t<p><label> Correo electr\u00f3nico<br \/>\n<span class=\"wpcf7-form-control-wrap\" data-name=\"your-email\"><input size=\"40\" maxlength=\"400\" class=\"wpcf7-form-control wpcf7-email wpcf7-validates-as-required wpcf7-text wpcf7-validates-as-email\" autocomplete=\"email\" aria-required=\"true\" aria-invalid=\"false\" value=\"\" type=\"email\" name=\"your-email\" \/><\/span> <\/label>\n\t<\/p>\n\t<p><label> Organizaci\u00f3n o proyecto<br \/>\n<span class=\"wpcf7-form-control-wrap\" data-name=\"your-subject\"><input size=\"40\" maxlength=\"400\" class=\"wpcf7-form-control wpcf7-text wpcf7-validates-as-required\" aria-required=\"true\" aria-invalid=\"false\" value=\"\" type=\"text\" name=\"your-subject\" \/><\/span> <\/label>\n\t<\/p>\n\t<p><label> \u00bfQu\u00e9 necesitas?<br \/>\n<span class=\"wpcf7-form-control-wrap\" data-name=\"your-message\"><textarea cols=\"40\" rows=\"10\" maxlength=\"2000\" class=\"wpcf7-form-control wpcf7-textarea\" aria-invalid=\"false\" name=\"your-message\"><\/textarea><\/span> <\/label>\n\t<\/p>\n<\/div>\n<p><input class=\"wpcf7-form-control wpcf7-submit has-spinner\" type=\"submit\" value=\"Envia\" \/>\n<\/p><div class=\"fusion-alert alert custom alert-custom fusion-alert-center wpcf7-response-output awb-alert-native-link-color alert-dismissable awb-alert-close-boxed\" style=\"--awb-border-size:1px;--awb-border-top-left-radius:0px;--awb-border-top-right-radius:0px;--awb-border-bottom-left-radius:0px;--awb-border-bottom-right-radius:0px;\" role=\"alert\"><div class=\"fusion-alert-content-wrapper\"><span class=\"fusion-alert-content\"><\/span><\/div><button type=\"button\" class=\"close toggle-alert\" data-dismiss=\"alert\" aria-label=\"Close\">&times;<\/button><\/div>\n<\/form>\n<\/div>\n<\/div><\/div><\/div><\/div><\/p>\n","protected":false},"excerpt":{"rendered":"","protected":false},"author":1,"featured_media":0,"parent":0,"menu_order":0,"comment_status":"closed","ping_status":"closed","template":"100-width.php","meta":{"_acf_changed":false,"footnotes":""},"class_list":["post-3950","page","type-page","status-publish","hentry"],"acf":[],"yoast_head":"<!-- This site is optimized with the Yoast SEO plugin v25.2 - https:\/\/yoast.com\/wordpress\/plugins\/seo\/ -->\n<title>Tecnolog\u00eda y pasi\u00f3n por el medio natural - EdunaturIA<\/title>\n<meta name=\"description\" content=\"En EdunaturIA combinamos tecnolog\u00eda y pasi\u00f3n por el medio natural para ofrecer soluciones que conecten a las personas con la naturaleza.\" \/>\n<meta name=\"robots\" content=\"index, follow, max-snippet:-1, max-image-preview:large, max-video-preview:-1\" \/>\n<link rel=\"canonical\" href=\"https:\/\/edunaturia.com\/es\/contacto\/\" \/>\n<meta property=\"og:locale\" content=\"es_ES\" \/>\n<meta property=\"og:type\" content=\"article\" \/>\n<meta property=\"og:title\" content=\"Tecnolog\u00eda y pasi\u00f3n por el medio natural - EdunaturIA\" \/>\n<meta property=\"og:description\" content=\"En EdunaturIA combinamos tecnolog\u00eda y pasi\u00f3n por el medio natural para ofrecer soluciones que conecten a las personas con la naturaleza.\" \/>\n<meta property=\"og:url\" content=\"https:\/\/edunaturia.com\/es\/contacto\/\" \/>\n<meta property=\"og:site_name\" content=\"EdunaturIA\" \/>\n<meta property=\"article:modified_time\" content=\"2025-06-05T11:22:26+00:00\" \/>\n<meta name=\"twitter:card\" content=\"summary_large_image\" \/>\n<meta name=\"twitter:label1\" content=\"Tiempo de lectura\" \/>\n\t<meta name=\"twitter:data1\" content=\"2 minutos\" \/>\n<script type=\"application\/ld+json\" class=\"yoast-schema-graph\">{\"@context\":\"https:\/\/schema.org\",\"@graph\":[{\"@type\":\"WebPage\",\"@id\":\"https:\/\/edunaturia.com\/es\/contacto\/\",\"url\":\"https:\/\/edunaturia.com\/es\/contacto\/\",\"name\":\"Tecnolog\u00eda y pasi\u00f3n por el medio natural - EdunaturIA\",\"isPartOf\":{\"@id\":\"https:\/\/edunaturia.com\/#website\"},\"datePublished\":\"2024-02-15T17:44:24+00:00\",\"dateModified\":\"2025-06-05T11:22:26+00:00\",\"description\":\"En EdunaturIA combinamos tecnolog\u00eda y pasi\u00f3n por el medio natural para ofrecer soluciones que conecten a las personas con la naturaleza.\",\"breadcrumb\":{\"@id\":\"https:\/\/edunaturia.com\/es\/contacto\/#breadcrumb\"},\"inLanguage\":\"es\",\"potentialAction\":[{\"@type\":\"ReadAction\",\"target\":[\"https:\/\/edunaturia.com\/es\/contacto\/\"]}]},{\"@type\":\"BreadcrumbList\",\"@id\":\"https:\/\/edunaturia.com\/es\/contacto\/#breadcrumb\",\"itemListElement\":[{\"@type\":\"ListItem\",\"position\":1,\"name\":\"Inici\",\"item\":\"https:\/\/edunaturia.com\/es\/\"},{\"@type\":\"ListItem\",\"position\":2,\"name\":\"Solicita una demo personalizada\"}]},{\"@type\":\"WebSite\",\"@id\":\"https:\/\/edunaturia.com\/#website\",\"url\":\"https:\/\/edunaturia.com\/\",\"name\":\"EdunaturIA\",\"description\":\"Tecnologia que t\u2019ajuda a connectar amb Natura\",\"potentialAction\":[{\"@type\":\"SearchAction\",\"target\":{\"@type\":\"EntryPoint\",\"urlTemplate\":\"https:\/\/edunaturia.com\/?s={search_term_string}\"},\"query-input\":{\"@type\":\"PropertyValueSpecification\",\"valueRequired\":true,\"valueName\":\"search_term_string\"}}],\"inLanguage\":\"es\"}]}<\/script>\n<!-- \/ Yoast SEO plugin. -->","yoast_head_json":{"title":"Tecnolog\u00eda y pasi\u00f3n por el medio natural - EdunaturIA","description":"En EdunaturIA combinamos tecnolog\u00eda y pasi\u00f3n por el medio natural para ofrecer soluciones que conecten a las personas con la naturaleza.","robots":{"index":"index","follow":"follow","max-snippet":"max-snippet:-1","max-image-preview":"max-image-preview:large","max-video-preview":"max-video-preview:-1"},"canonical":"https:\/\/edunaturia.com\/es\/contacto\/","og_locale":"es_ES","og_type":"article","og_title":"Tecnolog\u00eda y pasi\u00f3n por el medio natural - EdunaturIA","og_description":"En EdunaturIA combinamos tecnolog\u00eda y pasi\u00f3n por el medio natural para ofrecer soluciones que conecten a las personas con la naturaleza.","og_url":"https:\/\/edunaturia.com\/es\/contacto\/","og_site_name":"EdunaturIA","article_modified_time":"2025-06-05T11:22:26+00:00","twitter_card":"summary_large_image","twitter_misc":{"Tiempo de lectura":"2 minutos"},"schema":{"@context":"https:\/\/schema.org","@graph":[{"@type":"WebPage","@id":"https:\/\/edunaturia.com\/es\/contacto\/","url":"https:\/\/edunaturia.com\/es\/contacto\/","name":"Tecnolog\u00eda y pasi\u00f3n por el medio natural - EdunaturIA","isPartOf":{"@id":"https:\/\/edunaturia.com\/#website"},"datePublished":"2024-02-15T17:44:24+00:00","dateModified":"2025-06-05T11:22:26+00:00","description":"En EdunaturIA combinamos tecnolog\u00eda y pasi\u00f3n por el medio natural para ofrecer soluciones que conecten a las personas con la naturaleza.","breadcrumb":{"@id":"https:\/\/edunaturia.com\/es\/contacto\/#breadcrumb"},"inLanguage":"es","potentialAction":[{"@type":"ReadAction","target":["https:\/\/edunaturia.com\/es\/contacto\/"]}]},{"@type":"BreadcrumbList","@id":"https:\/\/edunaturia.com\/es\/contacto\/#breadcrumb","itemListElement":[{"@type":"ListItem","position":1,"name":"Inici","item":"https:\/\/edunaturia.com\/es\/"},{"@type":"ListItem","position":2,"name":"Solicita una demo personalizada"}]},{"@type":"WebSite","@id":"https:\/\/edunaturia.com\/#website","url":"https:\/\/edunaturia.com\/","name":"EdunaturIA","description":"Tecnologia que t\u2019ajuda a connectar amb Natura","potentialAction":[{"@type":"SearchAction","target":{"@type":"EntryPoint","urlTemplate":"https:\/\/edunaturia.com\/?s={search_term_string}"},"query-input":{"@type":"PropertyValueSpecification","valueRequired":true,"valueName":"search_term_string"}}],"inLanguage":"es"}]}},"_links":{"self":[{"href":"https:\/\/edunaturia.com\/es\/wp-json\/wp\/v2\/pages\/3950","targetHints":{"allow":["GET"]}}],"collection":[{"href":"https:\/\/edunaturia.com\/es\/wp-json\/wp\/v2\/pages"}],"about":[{"href":"https:\/\/edunaturia.com\/es\/wp-json\/wp\/v2\/types\/page"}],"author":[{"embeddable":true,"href":"https:\/\/edunaturia.com\/es\/wp-json\/wp\/v2\/users\/1"}],"replies":[{"embeddable":true,"href":"https:\/\/edunaturia.com\/es\/wp-json\/wp\/v2\/comments?post=3950"}],"version-history":[{"count":10,"href":"https:\/\/edunaturia.com\/es\/wp-json\/wp\/v2\/pages\/3950\/revisions"}],"predecessor-version":[{"id":4301,"href":"https:\/\/edunaturia.com\/es\/wp-json\/wp\/v2\/pages\/3950\/revisions\/4301"}],"wp:attachment":[{"href":"https:\/\/edunaturia.com\/es\/wp-json\/wp\/v2\/media?parent=3950"}],"curies":[{"name":"wp","href":"https:\/\/api.w.org\/{rel}","templated":true}]}}